{"id":88,"date":"2025-05-14T22:26:43","date_gmt":"2025-05-15T01:26:43","guid":{"rendered":"http:\/\/vivvacapital.com.br\/?page_id=88"},"modified":"2025-07-25T17:29:34","modified_gmt":"2025-07-25T20:29:34","slug":"contato","status":"publish","type":"page","link":"https:\/\/vivvacapital.com.br\/?page_id=88","title":{"rendered":"Contato"},"content":{"rendered":"\t\t<div data-elementor-type=\"wp-page\" data-elementor-id=\"88\" class=\"elementor elementor-88\" data-elementor-post-type=\"page\">\n\t\t\t\t\t\t<section class=\"elementor-section elementor-top-section elementor-element elementor-element-3a50b247 elementor-section-boxed elementor-section-height-default elementor-section-height-default\" data-id=\"3a50b247\" data-element_type=\"section\" data-settings=\"{&quot;background_background&quot;:&quot;classic&quot;}\">\n\t\t\t\t\t\t\t<div class=\"elementor-background-overlay\"><\/div>\n\t\t\t\t\t\t\t<div class=\"elementor-container elementor-column-gap-default\">\n\t\t\t\t\t<div class=\"elementor-column elementor-col-100 elementor-top-column elementor-element elementor-element-7110590\" data-id=\"7110590\" data-element_type=\"column\">\n\t\t\t<div class=\"elementor-widget-wrap elementor-element-populated\">\n\t\t\t\t\t\t<div class=\"elementor-element elementor-element-6d1d58a elementor-widget elementor-widget-heading\" data-id=\"6d1d58a\" data-element_type=\"widget\" data-widget_type=\"heading.default\">\n\t\t\t\t<div class=\"elementor-widget-container\">\n\t\t\t\t\t<h2 class=\"elementor-heading-title elementor-size-default\">Contato<\/h2>\t\t\t\t<\/div>\n\t\t\t\t<\/div>\n\t\t\t\t\t<\/div>\n\t\t<\/div>\n\t\t\t\t\t<\/div>\n\t\t<\/section>\n\t\t\t\t<section class=\"elementor-section elementor-top-section elementor-element elementor-element-cfe87bf elementor-section-boxed elementor-section-height-default elementor-section-height-default\" data-id=\"cfe87bf\" data-element_type=\"section\" data-settings=\"{&quot;background_background&quot;:&quot;classic&quot;}\">\n\t\t\t\t\t\t<div class=\"elementor-container elementor-column-gap-no\">\n\t\t\t\t\t<div class=\"elementor-column elementor-col-100 elementor-top-column elementor-element elementor-element-f1d1993\" data-id=\"f1d1993\" data-element_type=\"column\">\n\t\t\t<div class=\"elementor-widget-wrap elementor-element-populated\">\n\t\t\t\t\t\t<section class=\"elementor-section elementor-inner-section elementor-element elementor-element-b748391 elementor-section-boxed elementor-section-height-default elementor-section-height-default\" data-id=\"b748391\" data-element_type=\"section\">\n\t\t\t\t\t\t<div class=\"elementor-container elementor-column-gap-default\">\n\t\t\t\t\t<div class=\"elementor-column elementor-col-50 elementor-inner-column elementor-element elementor-element-182252b\" data-id=\"182252b\" data-element_type=\"column\">\n\t\t\t<div class=\"elementor-widget-wrap elementor-element-populated\">\n\t\t\t\t\t\t<div class=\"elementor-element elementor-element-9946e46 elementor-widget elementor-widget-sitemap\" data-id=\"9946e46\" data-element_type=\"widget\" data-widget_type=\"sitemap.default\">\n\t\t\t\t<div class=\"elementor-widget-container\">\n\t\t\t\t\t<div class=\"elementor-sitemap-wrap\"><div class=\"elementor-sitemap-section\"><h2 class=\"elementor-sitemap-title elementor-sitemap-page-title\">P\u00e1ginas<\/h2><ul class=\"elementor-sitemap-list elementor-sitemap-page-list\"><li class=\"elementor-sitemap-item elementor-sitemap-item-page page_item page-item-52\"><a href=\"https:\/\/vivvacapital.com.br\/\">Home<\/a><\/li><li class=\"elementor-sitemap-item elementor-sitemap-item-page page_item page-item-84\"><a href=\"https:\/\/vivvacapital.com.br\/?page_id=84\">Nossos Servi\u00e7os<\/a><\/li><li class=\"elementor-sitemap-item elementor-sitemap-item-page page_item page-item-86\"><a href=\"https:\/\/vivvacapital.com.br\/?page_id=86\">Sobre N\u00f3s<\/a><\/li><li class=\"elementor-sitemap-item elementor-sitemap-item-page page_item page-item-88\"><a href=\"https:\/\/vivvacapital.com.br\/?page_id=88\">Contato<\/a><\/li><\/ul><\/div><\/div>\t\t\t\t<\/div>\n\t\t\t\t<\/div>\n\t\t\t\t<div class=\"elementor-element elementor-element-858a320 e-grid-align-left elementor-shape-rounded elementor-grid-0 elementor-widget elementor-widget-social-icons\" data-id=\"858a320\" data-element_type=\"widget\" data-widget_type=\"social-icons.default\">\n\t\t\t\t<div class=\"elementor-widget-container\">\n\t\t\t\t\t\t\t<div class=\"elementor-social-icons-wrapper elementor-grid\">\n\t\t\t\t\t\t\t<span class=\"elementor-grid-item\">\n\t\t\t\t\t<a class=\"elementor-icon elementor-social-icon elementor-social-icon-instagram elementor-repeater-item-8d40551\" href=\"https:\/\/www.instagram.com\/vivvacapital\" target=\"_blank\">\n\t\t\t\t\t\t<span class=\"elementor-screen-only\">Instagram<\/span>\n\t\t\t\t\t\t<i class=\"fab fa-instagram\"><\/i>\t\t\t\t\t<\/a>\n\t\t\t\t<\/span>\n\t\t\t\t\t\t\t<span class=\"elementor-grid-item\">\n\t\t\t\t\t<a class=\"elementor-icon elementor-social-icon elementor-social-icon-linkedin elementor-repeater-item-a496241\" href=\"https:\/\/www.linkedin.com\/vivvacapital?_l=pt_BR\" target=\"_blank\">\n\t\t\t\t\t\t<span class=\"elementor-screen-only\">Linkedin<\/span>\n\t\t\t\t\t\t<i class=\"fab fa-linkedin\"><\/i>\t\t\t\t\t<\/a>\n\t\t\t\t<\/span>\n\t\t\t\t\t\t\t<span class=\"elementor-grid-item\">\n\t\t\t\t\t<a class=\"elementor-icon elementor-social-icon elementor-social-icon-whatsapp elementor-repeater-item-0eb0b43\" href=\"https:\/\/api.whatsapp.com\/send\/?phone=5511997826248&#038;text&#038;type=phone_number&#038;app_absent=0\" target=\"_blank\">\n\t\t\t\t\t\t<span class=\"elementor-screen-only\">Whatsapp<\/span>\n\t\t\t\t\t\t<i class=\"fab fa-whatsapp\"><\/i>\t\t\t\t\t<\/a>\n\t\t\t\t<\/span>\n\t\t\t\t\t\t\t<span class=\"elementor-grid-item\">\n\t\t\t\t\t<a class=\"elementor-icon elementor-social-icon elementor-social-icon-envelope elementor-repeater-item-1ac9480\" href=\"http:\/\/marcos@vivvacapital.com.br\" target=\"_blank\">\n\t\t\t\t\t\t<span class=\"elementor-screen-only\">Envelope<\/span>\n\t\t\t\t\t\t<i class=\"fas fa-envelope\"><\/i>\t\t\t\t\t<\/a>\n\t\t\t\t<\/span>\n\t\t\t\t\t<\/div>\n\t\t\t\t\t\t<\/div>\n\t\t\t\t<\/div>\n\t\t\t\t\t<\/div>\n\t\t<\/div>\n\t\t\t\t<div class=\"elementor-column elementor-col-50 elementor-inner-column elementor-element elementor-element-6241caf\" data-id=\"6241caf\" data-element_type=\"column\">\n\t\t\t<div class=\"elementor-widget-wrap elementor-element-populated\">\n\t\t\t\t\t\t<div class=\"elementor-element elementor-element-b73ca6a animated-slow elementor-button-align-stretch elementor-widget elementor-widget-form\" data-id=\"b73ca6a\" data-element_type=\"widget\" data-settings=\"{&quot;step_next_label&quot;:&quot;Next&quot;,&quot;step_previous_label&quot;:&quot;Previous&quot;,&quot;_animation&quot;:&quot;none&quot;,&quot;button_width&quot;:&quot;100&quot;,&quot;step_type&quot;:&quot;number_text&quot;,&quot;step_icon_shape&quot;:&quot;circle&quot;}\" data-widget_type=\"form.default\">\n\t\t\t\t<div class=\"elementor-widget-container\">\n\t\t\t\t\t\t\t<form class=\"elementor-form\" method=\"post\" name=\"contato-site\" aria-label=\"contato-site\">\n\t\t\t<input type=\"hidden\" name=\"post_id\" value=\"88\"\/>\n\t\t\t<input type=\"hidden\" name=\"form_id\" value=\"b73ca6a\"\/>\n\t\t\t<input type=\"hidden\" name=\"referer_title\" value=\"Vivva Capital &#8211; Hub de Solu\u00e7\u00f5es Financeiras Empresariais\" \/>\n\n\t\t\t\n\t\t\t<div class=\"elementor-form-fields-wrapper elementor-labels-above\">\n\t\t\t\t\t\t\t\t<div class=\"elementor-field-type-text elementor-field-group elementor-column elementor-field-group-name elementor-col-100\">\n\t\t\t\t\t\t\t\t\t\t\t\t<label for=\"form-field-name\" class=\"elementor-field-label\">\n\t\t\t\t\t\t\t\tNome Completo\t\t\t\t\t\t\t<\/label>\n\t\t\t\t\t\t\t\t\t\t\t\t\t\t<input size=\"1\" type=\"text\" name=\"form_fields[name]\" id=\"form-field-name\" class=\"elementor-field elementor-size-sm  elementor-field-textual\" placeholder=\"Nome Completo\">\n\t\t\t\t\t\t\t\t\t\t\t<\/div>\n\t\t\t\t\t\t\t\t<div class=\"elementor-field-type-email elementor-field-group elementor-column elementor-field-group-email elementor-col-100 elementor-field-required\">\n\t\t\t\t\t\t\t\t\t\t\t\t<label for=\"form-field-email\" class=\"elementor-field-label\">\n\t\t\t\t\t\t\t\tE-mail\t\t\t\t\t\t\t<\/label>\n\t\t\t\t\t\t\t\t\t\t\t\t\t\t<input size=\"1\" type=\"email\" name=\"form_fields[email]\" id=\"form-field-email\" class=\"elementor-field elementor-size-sm  elementor-field-textual\" placeholder=\"E-mail\" required=\"required\">\n\t\t\t\t\t\t\t\t\t\t\t<\/div>\n\t\t\t\t\t\t\t\t<div class=\"elementor-field-type-number elementor-field-group elementor-column elementor-field-group-message elementor-col-100\">\n\t\t\t\t\t\t\t\t\t\t\t\t<label for=\"form-field-message\" class=\"elementor-field-label\">\n\t\t\t\t\t\t\t\tTelefone para Contato\t\t\t\t\t\t\t<\/label>\n\t\t\t\t\t\t\t\t\t<input type=\"number\" name=\"form_fields[message]\" id=\"form-field-message\" class=\"elementor-field elementor-size-sm  elementor-field-textual\" placeholder=\"Telefone \" min=\"\" max=\"\" >\n\t\t\t\t\t\t<\/div>\n\t\t\t\t\t\t\t\t<div class=\"elementor-field-group elementor-column elementor-field-type-submit elementor-col-100 e-form__buttons\">\n\t\t\t\t\t<button class=\"elementor-button elementor-size-sm elementor-animation-shrink\" type=\"submit\">\n\t\t\t\t\t\t<span class=\"elementor-button-content-wrapper\">\n\t\t\t\t\t\t\t\t\t\t\t\t\t\t\t\t\t\t\t\t\t\t<span class=\"elementor-button-text\">Send<\/span>\n\t\t\t\t\t\t\t\t\t\t\t\t\t<\/span>\n\t\t\t\t\t<\/button>\n\t\t\t\t<\/div>\n\t\t\t<\/div>\n\t\t<\/form>\n\t\t\t\t\t\t<\/div>\n\t\t\t\t<\/div>\n\t\t\t\t\t<\/div>\n\t\t<\/div>\n\t\t\t\t\t<\/div>\n\t\t<\/section>\n\t\t\t\t<div class=\"elementor-element elementor-element-d4619ac elementor-widget elementor-widget-text-editor\" data-id=\"d4619ac\" data-element_type=\"widget\" data-widget_type=\"text-editor.default\">\n\t\t\t\t<div class=\"elementor-widget-container\">\n\t\t\t\t\t\t\t\t\t<p><strong data-start=\"175\" data-end=\"230\">\u00a9 2025 Vivva Capital. Todos os direitos reservados.<\/strong><br data-start=\"230\" data-end=\"233\" \/>Vivva Capital \u2013 Solu\u00e7\u00f5es Financeiras Empresariais.<br data-start=\"283\" data-end=\"286\" \/>CNPJ 53.173.474\/0001-00 | Desenvolvido por Sappient<\/p>\t\t\t\t\t\t\t\t<\/div>\n\t\t\t\t<\/div>\n\t\t\t\t\t<\/div>\n\t\t<\/div>\n\t\t\t\t\t<\/div>\n\t\t<\/section>\n\t\t\t\t<\/div>\n\t\t","protected":false},"excerpt":{"rendered":"<p>Contato Instagram Linkedin Whatsapp Envelope \u00a9 2025 Vivva Capital. Todos os direitos reservados.Vivva Capital \u2013 Solu\u00e7\u00f5es Financeiras Empresariais.CNPJ 53.173.474\/0001-00 | Desenvolvido por Sappient<\/p>\n","protected":false},"author":1,"featured_media":0,"parent":0,"menu_order":0,"comment_status":"closed","ping_status":"closed","template":"","meta":{"footnotes":""},"class_list":["post-88","page","type-page","status-publish","hentry"],"yoast_head":"<!-- This site is optimized with the Yoast SEO plugin v25.2 - https:\/\/yoast.com\/wordpress\/plugins\/seo\/ -->\n<title>Fale com a Vivva Capital | Consultoria Financeira para Empresas<\/title>\n<meta name=\"description\" content=\"Entre em contato com a Vivva Capital e descubra como podemos apoiar sua empresa. Atendimento consultivo e personalizado para o seu neg\u00f3cio.\" \/>\n<meta name=\"robots\" content=\"index, follow, max-snippet:-1, max-image-preview:large, max-video-preview:-1\" \/>\n<link rel=\"canonical\" href=\"https:\/\/vivvacapital.com.br\/?page_id=88\" \/>\n<meta property=\"og:locale\" content=\"pt_BR\" \/>\n<meta property=\"og:type\" content=\"article\" \/>\n<meta property=\"og:title\" content=\"Fale com a Vivva Capital | Consultoria Financeira para Empresas\" \/>\n<meta property=\"og:description\" content=\"Entre em contato com a Vivva Capital e descubra como podemos apoiar sua empresa. Atendimento consultivo e personalizado para o seu neg\u00f3cio.\" \/>\n<meta property=\"og:url\" content=\"https:\/\/vivvacapital.com.br\/?page_id=88\" \/>\n<meta property=\"og:site_name\" content=\"Vivva Capital - Hub de Solu\u00e7\u00f5es Financeiras Empresariais\" \/>\n<meta property=\"article:modified_time\" content=\"2025-07-25T20:29:34+00:00\" \/>\n<meta name=\"twitter:card\" content=\"summary_large_image\" \/>\n<meta name=\"twitter:label1\" content=\"Est. tempo de leitura\" \/>\n\t<meta name=\"twitter:data1\" content=\"1 minuto\" \/>\n<script type=\"application\/ld+json\" class=\"yoast-schema-graph\">{\"@context\":\"https:\/\/schema.org\",\"@graph\":[{\"@type\":\"WebPage\",\"@id\":\"https:\/\/vivvacapital.com.br\/?page_id=88\",\"url\":\"https:\/\/vivvacapital.com.br\/?page_id=88\",\"name\":\"Fale com a Vivva Capital | Consultoria Financeira para Empresas\",\"isPartOf\":{\"@id\":\"https:\/\/vivvacapital.com.br\/#website\"},\"datePublished\":\"2025-05-15T01:26:43+00:00\",\"dateModified\":\"2025-07-25T20:29:34+00:00\",\"description\":\"Entre em contato com a Vivva Capital e descubra como podemos apoiar sua empresa. Atendimento consultivo e personalizado para o seu neg\u00f3cio.\",\"breadcrumb\":{\"@id\":\"https:\/\/vivvacapital.com.br\/?page_id=88#breadcrumb\"},\"inLanguage\":\"pt-BR\",\"potentialAction\":[{\"@type\":\"ReadAction\",\"target\":[\"https:\/\/vivvacapital.com.br\/?page_id=88\"]}]},{\"@type\":\"BreadcrumbList\",\"@id\":\"https:\/\/vivvacapital.com.br\/?page_id=88#breadcrumb\",\"itemListElement\":[{\"@type\":\"ListItem\",\"position\":1,\"name\":\"In\u00edcio\",\"item\":\"https:\/\/vivvacapital.com.br\/\"},{\"@type\":\"ListItem\",\"position\":2,\"name\":\"Contato\"}]},{\"@type\":\"WebSite\",\"@id\":\"https:\/\/vivvacapital.com.br\/#website\",\"url\":\"https:\/\/vivvacapital.com.br\/\",\"name\":\"Vivva Capital - Hub de Solu\u00e7\u00f5es Financeiras Empresariais\",\"description\":\"Consultoria e intermedia\u00e7\u00e3o em cr\u00e9dito, seguros, benef\u00edcios e cons\u00f3rcios. Solu\u00e7\u00f5es financeiras completas para empresas, com parceiros de alta confian\u00e7a.\",\"publisher\":{\"@id\":\"https:\/\/vivvacapital.com.br\/#organization\"},\"potentialAction\":[{\"@type\":\"SearchAction\",\"target\":{\"@type\":\"EntryPoint\",\"urlTemplate\":\"https:\/\/vivvacapital.com.br\/?s={search_term_string}\"},\"query-input\":{\"@type\":\"PropertyValueSpecification\",\"valueRequired\":true,\"valueName\":\"search_term_string\"}}],\"inLanguage\":\"pt-BR\"},{\"@type\":\"Organization\",\"@id\":\"https:\/\/vivvacapital.com.br\/#organization\",\"name\":\"Vivva Capital - Hub de Solu\u00e7\u00f5es Financeiras Empresariais\",\"url\":\"https:\/\/vivvacapital.com.br\/\",\"logo\":{\"@type\":\"ImageObject\",\"inLanguage\":\"pt-BR\",\"@id\":\"https:\/\/vivvacapital.com.br\/#\/schema\/logo\/image\/\",\"url\":\"https:\/\/vivvacapital.com.br\/wp-content\/uploads\/2025\/05\/vivva-capital-logo-02.png\",\"contentUrl\":\"https:\/\/vivvacapital.com.br\/wp-content\/uploads\/2025\/05\/vivva-capital-logo-02.png\",\"width\":2259,\"height\":613,\"caption\":\"Vivva Capital - Hub de Solu\u00e7\u00f5es Financeiras Empresariais\"},\"image\":{\"@id\":\"https:\/\/vivvacapital.com.br\/#\/schema\/logo\/image\/\"}}]}<\/script>\n<!-- \/ Yoast SEO plugin. -->","yoast_head_json":{"title":"Fale com a Vivva Capital | Consultoria Financeira para Empresas","description":"Entre em contato com a Vivva Capital e descubra como podemos apoiar sua empresa. Atendimento consultivo e personalizado para o seu neg\u00f3cio.","robots":{"index":"index","follow":"follow","max-snippet":"max-snippet:-1","max-image-preview":"max-image-preview:large","max-video-preview":"max-video-preview:-1"},"canonical":"https:\/\/vivvacapital.com.br\/?page_id=88","og_locale":"pt_BR","og_type":"article","og_title":"Fale com a Vivva Capital | Consultoria Financeira para Empresas","og_description":"Entre em contato com a Vivva Capital e descubra como podemos apoiar sua empresa. Atendimento consultivo e personalizado para o seu neg\u00f3cio.","og_url":"https:\/\/vivvacapital.com.br\/?page_id=88","og_site_name":"Vivva Capital - Hub de Solu\u00e7\u00f5es Financeiras Empresariais","article_modified_time":"2025-07-25T20:29:34+00:00","twitter_card":"summary_large_image","twitter_misc":{"Est. tempo de leitura":"1 minuto"},"schema":{"@context":"https:\/\/schema.org","@graph":[{"@type":"WebPage","@id":"https:\/\/vivvacapital.com.br\/?page_id=88","url":"https:\/\/vivvacapital.com.br\/?page_id=88","name":"Fale com a Vivva Capital | Consultoria Financeira para Empresas","isPartOf":{"@id":"https:\/\/vivvacapital.com.br\/#website"},"datePublished":"2025-05-15T01:26:43+00:00","dateModified":"2025-07-25T20:29:34+00:00","description":"Entre em contato com a Vivva Capital e descubra como podemos apoiar sua empresa. Atendimento consultivo e personalizado para o seu neg\u00f3cio.","breadcrumb":{"@id":"https:\/\/vivvacapital.com.br\/?page_id=88#breadcrumb"},"inLanguage":"pt-BR","potentialAction":[{"@type":"ReadAction","target":["https:\/\/vivvacapital.com.br\/?page_id=88"]}]},{"@type":"BreadcrumbList","@id":"https:\/\/vivvacapital.com.br\/?page_id=88#breadcrumb","itemListElement":[{"@type":"ListItem","position":1,"name":"In\u00edcio","item":"https:\/\/vivvacapital.com.br\/"},{"@type":"ListItem","position":2,"name":"Contato"}]},{"@type":"WebSite","@id":"https:\/\/vivvacapital.com.br\/#website","url":"https:\/\/vivvacapital.com.br\/","name":"Vivva Capital - Hub de Solu\u00e7\u00f5es Financeiras Empresariais","description":"Consultoria e intermedia\u00e7\u00e3o em cr\u00e9dito, seguros, benef\u00edcios e cons\u00f3rcios. Solu\u00e7\u00f5es financeiras completas para empresas, com parceiros de alta confian\u00e7a.","publisher":{"@id":"https:\/\/vivvacapital.com.br\/#organization"},"potentialAction":[{"@type":"SearchAction","target":{"@type":"EntryPoint","urlTemplate":"https:\/\/vivvacapital.com.br\/?s={search_term_string}"},"query-input":{"@type":"PropertyValueSpecification","valueRequired":true,"valueName":"search_term_string"}}],"inLanguage":"pt-BR"},{"@type":"Organization","@id":"https:\/\/vivvacapital.com.br\/#organization","name":"Vivva Capital - Hub de Solu\u00e7\u00f5es Financeiras Empresariais","url":"https:\/\/vivvacapital.com.br\/","logo":{"@type":"ImageObject","inLanguage":"pt-BR","@id":"https:\/\/vivvacapital.com.br\/#\/schema\/logo\/image\/","url":"https:\/\/vivvacapital.com.br\/wp-content\/uploads\/2025\/05\/vivva-capital-logo-02.png","contentUrl":"https:\/\/vivvacapital.com.br\/wp-content\/uploads\/2025\/05\/vivva-capital-logo-02.png","width":2259,"height":613,"caption":"Vivva Capital - Hub de Solu\u00e7\u00f5es Financeiras Empresariais"},"image":{"@id":"https:\/\/vivvacapital.com.br\/#\/schema\/logo\/image\/"}}]}},"_links":{"self":[{"href":"https:\/\/vivvacapital.com.br\/index.php?rest_route=\/wp\/v2\/pages\/88","targetHints":{"allow":["GET"]}}],"collection":[{"href":"https:\/\/vivvacapital.com.br\/index.php?rest_route=\/wp\/v2\/pages"}],"about":[{"href":"https:\/\/vivvacapital.com.br\/index.php?rest_route=\/wp\/v2\/types\/page"}],"author":[{"embeddable":true,"href":"https:\/\/vivvacapital.com.br\/index.php?rest_route=\/wp\/v2\/users\/1"}],"replies":[{"embeddable":true,"href":"https:\/\/vivvacapital.com.br\/index.php?rest_route=%2Fwp%2Fv2%2Fcomments&post=88"}],"version-history":[{"count":19,"href":"https:\/\/vivvacapital.com.br\/index.php?rest_route=\/wp\/v2\/pages\/88\/revisions"}],"predecessor-version":[{"id":318,"href":"https:\/\/vivvacapital.com.br\/index.php?rest_route=\/wp\/v2\/pages\/88\/revisions\/318"}],"wp:attachment":[{"href":"https:\/\/vivvacapital.com.br\/index.php?rest_route=%2Fwp%2Fv2%2Fmedia&parent=88"}],"curies":[{"name":"wp","href":"https:\/\/api.w.org\/{rel}","templated":true}]}}